{"id":148,"date":"2024-08-11T00:31:55","date_gmt":"2024-08-10T21:31:55","guid":{"rendered":"http:\/\/serezartwebdesign.com\/germir\/?page_id=148"},"modified":"2025-03-03T12:10:38","modified_gmt":"2025-03-03T09:10:38","slug":"hizmetlerimiz","status":"publish","type":"page","link":"https:\/\/germirconsulting.com\/en\/hizmetlerimiz\/","title":{"rendered":"Corporate Services"},"content":{"rendered":"<div data-elementor-type=\"wp-page\" data-elementor-id=\"148\" class=\"elementor elementor-148\">\n\t\t\t\t<div class=\"wd-negative-gap elementor-element elementor-element-990329c e-flex e-con-boxed e-con e-parent\" data-id=\"990329c\" data-element_type=\"container\">\n\t\t\t\t\t<div class=\"e-con-inner\">\n\t\t<div class=\"elementor-element elementor-element-c1d3c54 e-con-full e-flex e-con e-child\" data-id=\"c1d3c54\" data-element_type=\"container\">\n\t\t\t\t<div class=\"elementor-element elementor-element-0aa940f elementor-invisible elementor-widget elementor-widget-heading\" data-id=\"0aa940f\" data-element_type=\"widget\" data-settings=\"{&quot;_animation&quot;:&quot;slideInUp&quot;}\" data-widget_type=\"heading.default\">\n\t\t\t\t<div class=\"elementor-widget-container\">\n\t\t\t\t\t<h2 class=\"elementor-heading-title elementor-size-default\">Executive Search &amp; Selection <\/h2>\t\t\t\t<\/div>\n\t\t\t\t<\/div>\n\t\t\t\t\t<link rel=\"stylesheet\" id=\"wd-mod-animations-keyframes-css\" href=\"https:\/\/germirconsulting.com\/wp-content\/themes\/woodmart\/css\/parts\/mod-animations-keyframes.min.css?ver=7.5.2\" type=\"text\/css\" media=\"all\" \/> \t\t\t\t\t<div class=\"elementor-element elementor-element-eb6dd4f text-center color-scheme-inherit elementor-invisible elementor-widget elementor-widget-text-editor\" data-id=\"eb6dd4f\" data-element_type=\"widget\" data-settings=\"{&quot;_animation&quot;:&quot;slideInUp&quot;}\" data-widget_type=\"text-editor.default\">\n\t\t\t\t<div class=\"elementor-widget-container\">\n\t\t\t\t\t\t\t\t\t<p style=\"font-weight: 400;\">Knowing that your most valuable asset in achieving your business goals is your human resources, we analyze your expectations and support you in finding leaders who align with your values and corporate culture.\u00a0<\/p><ul><li>Executive Search &amp; Selection<\/li><li>Non-Executive Director\/ Independent Board Member Search &amp; Selection<\/li><li>Pre-Employment Services<\/li><li>Market Research<\/li><li>Talent Mapping<\/li><\/ul>\t\t\t\t\t\t\t\t<\/div>\n\t\t\t\t<\/div>\n\t\t\t\t<\/div>\n\t\t<div class=\"elementor-element elementor-element-b0c7ee2 e-con-full e-flex e-con e-child\" data-id=\"b0c7ee2\" data-element_type=\"container\">\n\t\t\t\t<div class=\"elementor-element elementor-element-9891c18 elementor-invisible elementor-widget elementor-widget-image\" data-id=\"9891c18\" data-element_type=\"widget\" data-settings=\"{&quot;_animation&quot;:&quot;slideInRight&quot;}\" data-widget_type=\"image.default\">\n\t\t\t\t<div class=\"elementor-widget-container\">\n\t\t\t\t\t\t\t\t\t\t\t\t\t\t\t<img fetchpriority=\"high\" decoding=\"async\" width=\"1024\" height=\"576\" src=\"https:\/\/germirconsulting.com\/wp-content\/uploads\/2024\/08\/image-1-1-1024x576.jpg\" class=\"elementor-animation-shrink attachment-large size-large wp-image-377\" alt=\"\" srcset=\"https:\/\/germirconsulting.com\/wp-content\/uploads\/2024\/08\/image-1-1-1024x576.jpg 1024w, https:\/\/germirconsulting.com\/wp-content\/uploads\/2024\/08\/image-1-1-300x169.jpg 300w, https:\/\/germirconsulting.com\/wp-content\/uploads\/2024\/08\/image-1-1-768x432.jpg 768w, https:\/\/germirconsulting.com\/wp-content\/uploads\/2024\/08\/image-1-1-1536x864.jpg 1536w, https:\/\/germirconsulting.com\/wp-content\/uploads\/2024\/08\/image-1-1.jpg 1920w\" sizes=\"(max-width: 1024px) 100vw, 1024px\" \/>\t\t\t\t\t\t\t\t\t\t\t\t\t\t\t<\/div>\n\t\t\t\t<\/div>\n\t\t\t\t<\/div>\n\t\t\t\t\t<\/div>\n\t\t\t\t<\/div>\n\t\t<div class=\"wd-negative-gap elementor-element elementor-element-0fd57b5 e-flex e-con-boxed e-con e-parent\" data-id=\"0fd57b5\" data-element_type=\"container\">\n\t\t\t\t\t<div class=\"e-con-inner\">\n\t\t<div class=\"elementor-element elementor-element-141ec51 e-con-full e-flex e-con e-child\" data-id=\"141ec51\" data-element_type=\"container\">\n\t\t\t\t<div class=\"elementor-element elementor-element-8d7dbf8 elementor-invisible elementor-widget elementor-widget-image\" data-id=\"8d7dbf8\" data-element_type=\"widget\" data-settings=\"{&quot;_animation&quot;:&quot;slideInRight&quot;}\" data-widget_type=\"image.default\">\n\t\t\t\t<div class=\"elementor-widget-container\">\n\t\t\t\t\t\t\t\t\t\t\t\t\t\t\t<img decoding=\"async\" width=\"1024\" height=\"576\" src=\"https:\/\/germirconsulting.com\/wp-content\/uploads\/2024\/08\/image-7-1-1024x576.jpg\" class=\"elementor-animation-shrink attachment-large size-large wp-image-383\" alt=\"\" srcset=\"https:\/\/germirconsulting.com\/wp-content\/uploads\/2024\/08\/image-7-1-1024x576.jpg 1024w, https:\/\/germirconsulting.com\/wp-content\/uploads\/2024\/08\/image-7-1-300x169.jpg 300w, https:\/\/germirconsulting.com\/wp-content\/uploads\/2024\/08\/image-7-1-768x432.jpg 768w, https:\/\/germirconsulting.com\/wp-content\/uploads\/2024\/08\/image-7-1-1536x864.jpg 1536w, https:\/\/germirconsulting.com\/wp-content\/uploads\/2024\/08\/image-7-1.jpg 1920w\" sizes=\"(max-width: 1024px) 100vw, 1024px\" \/>\t\t\t\t\t\t\t\t\t\t\t\t\t\t\t<\/div>\n\t\t\t\t<\/div>\n\t\t\t\t<\/div>\n\t\t<div class=\"elementor-element elementor-element-f3b619a e-con-full e-flex e-con e-child\" data-id=\"f3b619a\" data-element_type=\"container\">\n\t\t\t\t<div class=\"elementor-element elementor-element-9944413 elementor-invisible elementor-widget elementor-widget-heading\" data-id=\"9944413\" data-element_type=\"widget\" data-settings=\"{&quot;_animation&quot;:&quot;slideInUp&quot;}\" data-widget_type=\"heading.default\">\n\t\t\t\t<div class=\"elementor-widget-container\">\n\t\t\t\t\t<h2 class=\"elementor-heading-title elementor-size-default\">Leadership Succession &amp; Assessment Services<\/h2>\t\t\t\t<\/div>\n\t\t\t\t<\/div>\n\t\t\t\t<div class=\"elementor-element elementor-element-225892f text-center color-scheme-inherit elementor-invisible elementor-widget elementor-widget-text-editor\" data-id=\"225892f\" data-element_type=\"widget\" data-settings=\"{&quot;_animation&quot;:&quot;slideInUp&quot;}\" data-widget_type=\"text-editor.default\">\n\t\t\t\t<div class=\"elementor-widget-container\">\n\t\t\t\t\t\t\t\t\t<p style=\"font-weight: 400;\">We assist you in ensuring the proper succession of your leaders within your organization. After conducting assessment interviews with internal candidates, we identify their development areas and strengths and share our detailed reports, including our recommendations, with you. We also provide feedback to the candidates.<\/p><p style=\"font-weight: 400;\"><span style=\"font-weight: 400;\">We also support you in the external candidate identification phase of the succession process. We work with you to create a Succession Plan, identify high-potential employees, and prepare them for different roles they may take on in the future within your organization.<\/span><\/p>\t\t\t\t\t\t\t\t<\/div>\n\t\t\t\t<\/div>\n\t\t\t\t<\/div>\n\t\t\t\t\t<\/div>\n\t\t\t\t<\/div>\n\t\t<div class=\"wd-negative-gap elementor-element elementor-element-891e78a e-flex e-con-boxed e-con e-parent\" data-id=\"891e78a\" data-element_type=\"container\">\n\t\t\t\t\t<div class=\"e-con-inner\">\n\t\t<div class=\"elementor-element elementor-element-0257b66 e-con-full e-flex e-con e-child\" data-id=\"0257b66\" data-element_type=\"container\">\n\t\t\t\t<div class=\"elementor-element elementor-element-49304d8 elementor-invisible elementor-widget elementor-widget-heading\" data-id=\"49304d8\" data-element_type=\"widget\" data-settings=\"{&quot;_animation&quot;:&quot;slideInUp&quot;}\" data-widget_type=\"heading.default\">\n\t\t\t\t<div class=\"elementor-widget-container\">\n\t\t\t\t\t<h2 class=\"elementor-heading-title elementor-size-default\">Board Advisory<\/h2>\t\t\t\t<\/div>\n\t\t\t\t<\/div>\n\t\t\t\t<div class=\"elementor-element elementor-element-a300c5b text-center color-scheme-inherit elementor-invisible elementor-widget elementor-widget-text-editor\" data-id=\"a300c5b\" data-element_type=\"widget\" data-settings=\"{&quot;_animation&quot;:&quot;slideInUp&quot;}\" data-widget_type=\"text-editor.default\">\n\t\t\t\t<div class=\"elementor-widget-container\">\n\t\t\t\t\t\t\t\t\t<p style=\"font-weight: 400;\">We identify your company's needs in Human Resource Management, Leadership, and Organizational matters through comprehensive interview processes. We share our recommendations, which we believe are critical to your company's institutionalization, in the form of a report.<\/p>\t\t\t\t\t\t\t\t<\/div>\n\t\t\t\t<\/div>\n\t\t\t\t<\/div>\n\t\t<div class=\"elementor-element elementor-element-f6fe809 e-con-full e-flex e-con e-child\" data-id=\"f6fe809\" data-element_type=\"container\">\n\t\t\t\t<div class=\"elementor-element elementor-element-10e8949 elementor-invisible elementor-widget elementor-widget-image\" data-id=\"10e8949\" data-element_type=\"widget\" data-settings=\"{&quot;_animation&quot;:&quot;slideInLeft&quot;}\" data-widget_type=\"image.default\">\n\t\t\t\t<div class=\"elementor-widget-container\">\n\t\t\t\t\t\t\t\t\t\t\t\t\t\t\t<img decoding=\"async\" width=\"1024\" height=\"576\" src=\"https:\/\/germirconsulting.com\/wp-content\/uploads\/2024\/08\/image-5-1-1024x576.jpg\" class=\"elementor-animation-shrink attachment-large size-large wp-image-381\" alt=\"\" srcset=\"https:\/\/germirconsulting.com\/wp-content\/uploads\/2024\/08\/image-5-1-1024x576.jpg 1024w, https:\/\/germirconsulting.com\/wp-content\/uploads\/2024\/08\/image-5-1-300x169.jpg 300w, https:\/\/germirconsulting.com\/wp-content\/uploads\/2024\/08\/image-5-1-768x432.jpg 768w, https:\/\/germirconsulting.com\/wp-content\/uploads\/2024\/08\/image-5-1-1536x864.jpg 1536w, https:\/\/germirconsulting.com\/wp-content\/uploads\/2024\/08\/image-5-1.jpg 1920w\" sizes=\"(max-width: 1024px) 100vw, 1024px\" \/>\t\t\t\t\t\t\t\t\t\t\t\t\t\t\t<\/div>\n\t\t\t\t<\/div>\n\t\t\t\t<\/div>\n\t\t\t\t\t<\/div>\n\t\t\t\t<\/div>\n\t\t<div class=\"wd-negative-gap elementor-element elementor-element-6f6efc4 e-flex e-con-boxed e-con e-parent\" data-id=\"6f6efc4\" data-element_type=\"container\">\n\t\t\t\t\t<div class=\"e-con-inner\">\n\t\t<div class=\"elementor-element elementor-element-b6c0191 e-con-full e-flex e-con e-child\" data-id=\"b6c0191\" data-element_type=\"container\">\n\t\t\t\t<div class=\"elementor-element elementor-element-3b9f0ee elementor-invisible elementor-widget elementor-widget-image\" data-id=\"3b9f0ee\" data-element_type=\"widget\" data-settings=\"{&quot;_animation&quot;:&quot;slideInLeft&quot;}\" data-widget_type=\"image.default\">\n\t\t\t\t<div class=\"elementor-widget-container\">\n\t\t\t\t\t\t\t\t\t\t\t\t\t\t\t<img loading=\"lazy\" decoding=\"async\" width=\"1024\" height=\"576\" src=\"https:\/\/germirconsulting.com\/wp-content\/uploads\/2024\/08\/image-3-1-1024x576.jpg\" class=\"elementor-animation-shrink attachment-large size-large wp-image-379\" alt=\"\" srcset=\"https:\/\/germirconsulting.com\/wp-content\/uploads\/2024\/08\/image-3-1-1024x576.jpg 1024w, https:\/\/germirconsulting.com\/wp-content\/uploads\/2024\/08\/image-3-1-300x169.jpg 300w, https:\/\/germirconsulting.com\/wp-content\/uploads\/2024\/08\/image-3-1-768x432.jpg 768w, https:\/\/germirconsulting.com\/wp-content\/uploads\/2024\/08\/image-3-1-1536x864.jpg 1536w, https:\/\/germirconsulting.com\/wp-content\/uploads\/2024\/08\/image-3-1.jpg 1920w\" sizes=\"(max-width: 1024px) 100vw, 1024px\" \/>\t\t\t\t\t\t\t\t\t\t\t\t\t\t\t<\/div>\n\t\t\t\t<\/div>\n\t\t\t\t<\/div>\n\t\t<div class=\"elementor-element elementor-element-3e3303c e-con-full e-flex e-con e-child\" data-id=\"3e3303c\" data-element_type=\"container\">\n\t\t\t\t<div class=\"elementor-element elementor-element-88df70f elementor-invisible elementor-widget elementor-widget-heading\" data-id=\"88df70f\" data-element_type=\"widget\" data-settings=\"{&quot;_animation&quot;:&quot;slideInUp&quot;}\" data-widget_type=\"heading.default\">\n\t\t\t\t<div class=\"elementor-widget-container\">\n\t\t\t\t\t<h2 class=\"elementor-heading-title elementor-size-default\">Interim Management<\/h2>\t\t\t\t<\/div>\n\t\t\t\t<\/div>\n\t\t\t\t<div class=\"elementor-element elementor-element-c663920 text-center color-scheme-inherit elementor-invisible elementor-widget elementor-widget-text-editor\" data-id=\"c663920\" data-element_type=\"widget\" data-settings=\"{&quot;_animation&quot;:&quot;slideInUp&quot;}\" data-widget_type=\"text-editor.default\">\n\t\t\t\t<div class=\"elementor-widget-container\">\n\t\t\t\t\t\t\t\t\t<p style=\"font-weight: 400;\">Would you consider employing experienced and successful leaders on a temporary basis to fill critical gaps and lead your teams during your search for senior management?<\/p><p style=\"font-weight: 400;\">We assist organizations in finding experienced managers to fill a specific management position for a defined period.<\/p>\t\t\t\t\t\t\t\t<\/div>\n\t\t\t\t<\/div>\n\t\t\t\t<\/div>\n\t\t\t\t\t<\/div>\n\t\t\t\t<\/div>\n\t\t<div class=\"wd-negative-gap elementor-element elementor-element-7e2f1a4 e-flex e-con-boxed e-con e-parent\" data-id=\"7e2f1a4\" data-element_type=\"container\">\n\t\t\t\t\t<div class=\"e-con-inner\">\n\t\t<div class=\"elementor-element elementor-element-307eca1 e-con-full e-flex e-con e-child\" data-id=\"307eca1\" data-element_type=\"container\">\n\t\t\t\t<div class=\"elementor-element elementor-element-f6ce1ec elementor-invisible elementor-widget elementor-widget-heading\" data-id=\"f6ce1ec\" data-element_type=\"widget\" data-settings=\"{&quot;_animation&quot;:&quot;slideInUp&quot;}\" data-widget_type=\"heading.default\">\n\t\t\t\t<div class=\"elementor-widget-container\">\n\t\t\t\t\t<h2 class=\"elementor-heading-title elementor-size-default\">Outplacement<\/h2>\t\t\t\t<\/div>\n\t\t\t\t<\/div>\n\t\t\t\t<div class=\"elementor-element elementor-element-dc1a9a8 text-center color-scheme-inherit elementor-invisible elementor-widget elementor-widget-text-editor\" data-id=\"dc1a9a8\" data-element_type=\"widget\" data-settings=\"{&quot;_animation&quot;:&quot;slideInUp&quot;}\" data-widget_type=\"text-editor.default\">\n\t\t\t\t<div class=\"elementor-widget-container\">\n\t\t\t\t\t\t\t\t\t<p style=\"font-weight: 400;\">Are you planning to part ways with an executive who successfully served your organization for long years?<\/p><p style=\"font-weight: 400;\">We provide professional support to help your executives plan their next career step and find a new job. We assist your employees with CV creation, job interview simulation, behavioral interview evaluation based on the executive assessment results, job application guidance, networking, and ensuring their CV reaches the right people and\/or organizations.<\/p>\t\t\t\t\t\t\t\t<\/div>\n\t\t\t\t<\/div>\n\t\t\t\t<\/div>\n\t\t<div class=\"elementor-element elementor-element-5a3c144 e-con-full e-flex e-con e-child\" data-id=\"5a3c144\" data-element_type=\"container\">\n\t\t\t\t<div class=\"elementor-element elementor-element-8e845a1 elementor-invisible elementor-widget elementor-widget-image\" data-id=\"8e845a1\" data-element_type=\"widget\" data-settings=\"{&quot;_animation&quot;:&quot;slideInRight&quot;}\" data-widget_type=\"image.default\">\n\t\t\t\t<div class=\"elementor-widget-container\">\n\t\t\t\t\t\t\t\t\t\t\t\t\t\t\t<img loading=\"lazy\" decoding=\"async\" width=\"1024\" height=\"576\" src=\"https:\/\/germirconsulting.com\/wp-content\/uploads\/2024\/08\/image-2-1-1024x576.jpg\" class=\"elementor-animation-shrink attachment-large size-large wp-image-378\" alt=\"\" srcset=\"https:\/\/germirconsulting.com\/wp-content\/uploads\/2024\/08\/image-2-1-1024x576.jpg 1024w, https:\/\/germirconsulting.com\/wp-content\/uploads\/2024\/08\/image-2-1-300x169.jpg 300w, https:\/\/germirconsulting.com\/wp-content\/uploads\/2024\/08\/image-2-1-768x432.jpg 768w, https:\/\/germirconsulting.com\/wp-content\/uploads\/2024\/08\/image-2-1-1536x864.jpg 1536w, https:\/\/germirconsulting.com\/wp-content\/uploads\/2024\/08\/image-2-1.jpg 1920w\" sizes=\"(max-width: 1024px) 100vw, 1024px\" \/>\t\t\t\t\t\t\t\t\t\t\t\t\t\t\t<\/div>\n\t\t\t\t<\/div>\n\t\t\t\t<\/div>\n\t\t\t\t\t<\/div>\n\t\t\t\t<\/div>\n\t\t\t\t<\/div>","protected":false},"excerpt":{"rendered":"<p>\u00dcst D\u00fczey Y\u00f6netici \u0130\u015fe Al\u0131m Dan\u0131\u015fmanl\u0131\u011f\u0131 \u0130\u015f hedeflerinizi ger\u00e7ekle\u015ftirmekte en \u00f6nemli sermayenizin insan kayna\u011f\u0131n\u0131z oldu\u011funu bilerek, beklentilerinizi iyi analiz ederek,<\/p>","protected":false},"author":1,"featured_media":0,"parent":0,"menu_order":0,"comment_status":"closed","ping_status":"closed","template":"","meta":{"footnotes":""},"class_list":["post-148","page","type-page","status-publish","hentry"],"_links":{"self":[{"href":"https:\/\/germirconsulting.com\/en\/wp-json\/wp\/v2\/pages\/148","targetHints":{"allow":["GET"]}}],"collection":[{"href":"https:\/\/germirconsulting.com\/en\/wp-json\/wp\/v2\/pages"}],"about":[{"href":"https:\/\/germirconsulting.com\/en\/wp-json\/wp\/v2\/types\/page"}],"author":[{"embeddable":true,"href":"https:\/\/germirconsulting.com\/en\/wp-json\/wp\/v2\/users\/1"}],"replies":[{"embeddable":true,"href":"https:\/\/germirconsulting.com\/en\/wp-json\/wp\/v2\/comments?post=148"}],"version-history":[{"count":46,"href":"https:\/\/germirconsulting.com\/en\/wp-json\/wp\/v2\/pages\/148\/revisions"}],"predecessor-version":[{"id":805,"href":"https:\/\/germirconsulting.com\/en\/wp-json\/wp\/v2\/pages\/148\/revisions\/805"}],"wp:attachment":[{"href":"https:\/\/germirconsulting.com\/en\/wp-json\/wp\/v2\/media?parent=148"}],"curies":[{"name":"wp","href":"https:\/\/api.w.org\/{rel}","templated":true}]}}