{"id":153,"date":"2024-08-11T00:32:38","date_gmt":"2024-08-10T21:32:38","guid":{"rendered":"http:\/\/serezartwebdesign.com\/germir\/?page_id=153"},"modified":"2025-06-30T14:34:38","modified_gmt":"2025-06-30T11:34:38","slug":"iletisim","status":"publish","type":"page","link":"https:\/\/germirconsulting.com\/en\/iletisim\/","title":{"rendered":"Contact Us"},"content":{"rendered":"<div data-elementor-type=\"wp-page\" data-elementor-id=\"153\" class=\"elementor elementor-153\">\n\t\t\t\t<div class=\"wd-negative-gap elementor-element elementor-element-0b94af9 e-flex e-con-boxed e-con e-parent\" data-id=\"0b94af9\" data-element_type=\"container\">\n\t\t\t\t\t<div class=\"e-con-inner\">\n\t\t<div class=\"elementor-element elementor-element-0f643ef e-con-full e-flex elementor-invisible e-con e-child\" data-id=\"0f643ef\" data-element_type=\"container\" data-settings=\"{&quot;animation&quot;:&quot;slideInLeft&quot;}\">\n\t\t\t\t<div class=\"elementor-element elementor-element-dc3755a elementor-widget elementor-widget-heading\" data-id=\"dc3755a\" data-element_type=\"widget\" data-widget_type=\"heading.default\">\n\t\t\t\t<div class=\"elementor-widget-container\">\n\t\t\t\t\t<h2 class=\"elementor-heading-title elementor-size-default\">Your Guide to Success.<br>Contact Us<\/h2>\t\t\t\t<\/div>\n\t\t\t\t<\/div>\n\t\t\t\t<div class=\"elementor-element elementor-element-5d42209 elementor-widget elementor-widget-wd_text_block\" data-id=\"5d42209\" data-element_type=\"widget\" data-widget_type=\"wd_text_block.default\">\n\t\t\t\t<div class=\"elementor-widget-container\">\n\t\t\t\t\t\t\t\t<link rel=\"stylesheet\" id=\"wd-text-block-css\" href=\"https:\/\/germirconsulting.com\/wp-content\/themes\/woodmart\/css\/parts\/el-text-block.min.css?ver=7.5.2\" type=\"text\/css\" media=\"all\" \/> \t\t\t\t\t<div class=\"wd-text-block reset-last-child text-left\">\n\t\t\t\n\t\t\t<p><span style=\"color: #333333;\"><strong>E: <\/strong><\/span><a href=\"mailto:ozlem.pehlivan@germirconsulting.com\">ozlem.pehlivan@germirconsulting.com<\/a><br \/><span style=\"color: #333333;\"><strong>T:<\/strong><\/span> +90 216 606 67 94<\/p>\n\t\t\t\t\t<\/div>\n\t\t\t\t\t\t<\/div>\n\t\t\t\t<\/div>\n\t\t\t\t<div class=\"elementor-element elementor-element-975d2d8 elementor-widget elementor-widget-wd_contact_form_7\" data-id=\"975d2d8\" data-element_type=\"widget\" data-widget_type=\"wd_contact_form_7.default\">\n\t\t\t\t<div class=\"elementor-widget-container\">\n\t\t\t\t\t\n<div class=\"wpcf7 no-js\" id=\"wpcf7-f322-o1\" lang=\"tr-TR\" dir=\"ltr\" data-wpcf7-id=\"322\">\n<div class=\"screen-reader-response\"><p role=\"status\" aria-live=\"polite\" aria-atomic=\"true\"><\/p> <ul><\/ul><\/div>\n<form action=\"\/en\/wp-json\/wp\/v2\/pages\/153#wpcf7-f322-o1\" method=\"post\" class=\"wpcf7-form init wd-style-with-bg\" aria-label=\"\u0130leti\u015fim Formu\" novalidate=\"novalidate\" data-status=\"init\" data-trp-original-action=\"\/en\/wp-json\/wp\/v2\/pages\/153#wpcf7-f322-o1\">\n<fieldset class=\"hidden-fields-container\"><input type=\"hidden\" name=\"_wpcf7\" value=\"322\" \/><input type=\"hidden\" name=\"_wpcf7_version\" value=\"6.1\" \/><input type=\"hidden\" name=\"_wpcf7_locale\" value=\"tr_TR\" \/><input type=\"hidden\" name=\"_wpcf7_unit_tag\" value=\"wpcf7-f322-o1\" \/><input type=\"hidden\" name=\"_wpcf7_container_post\" value=\"0\" \/><input type=\"hidden\" name=\"_wpcf7_posted_data_hash\" value=\"\" \/><input type=\"hidden\" name=\"_wpcf7_recaptcha_response\" value=\"\" \/>\n<\/fieldset>\n<p><label> Name-Surname*<span class=\"wpcf7-form-control-wrap\" data-name=\"ad\"><input size=\"40\" maxlength=\"400\" class=\"wpcf7-form-control wpcf7-text wpcf7-validates-as-required\" aria-required=\"true\" aria-invalid=\"false\" value=\"\" type=\"text\" name=\"ad\" \/><\/span><\/label>\n<\/p>\n<p><label>Telephone Number<span class=\"wpcf7-form-control-wrap\" data-name=\"tel\"><input size=\"40\" maxlength=\"400\" class=\"wpcf7-form-control wpcf7-tel wpcf7-text wpcf7-validates-as-tel\" aria-invalid=\"false\" value=\"\" type=\"tel\" name=\"tel\" \/><\/span><\/label>\n<\/p>\n<p><label> E-mail Address* <span class=\"wpcf7-form-control-wrap\" data-name=\"e-posta\"><input size=\"40\" maxlength=\"400\" class=\"wpcf7-form-control wpcf7-email wpcf7-validates-as-required wpcf7-text wpcf7-validates-as-email\" aria-required=\"true\" aria-invalid=\"false\" value=\"\" type=\"email\" name=\"e-posta\" \/><\/span> <\/label>\n<\/p>\n<p><label> Subject* <span class=\"wpcf7-form-control-wrap\" data-name=\"konu\"><input size=\"40\" maxlength=\"400\" class=\"wpcf7-form-control wpcf7-text wpcf7-validates-as-required\" aria-required=\"true\" aria-invalid=\"false\" value=\"\" type=\"text\" name=\"konu\" \/><\/span> <\/label>\n<\/p>\n<p><label> Message* <span class=\"wpcf7-form-control-wrap\" data-name=\"mesaj\"><textarea cols=\"40\" rows=\"10\" maxlength=\"2000\" class=\"wpcf7-form-control wpcf7-textarea wpcf7-validates-as-required\" aria-required=\"true\" aria-invalid=\"false\" name=\"mesaj\"><\/textarea><\/span> <\/label>\n<\/p>\n<p><span class=\"wpcf7-form-control-wrap\" data-name=\"quiz\"><label><span class=\"wpcf7-quiz-label\">11 + 11 =?*<\/span> <input size=\"40\" class=\"wpcf7-form-control wpcf7-quiz\" autocomplete=\"off\" aria-required=\"true\" aria-invalid=\"false\" type=\"text\" name=\"quiz\" \/><\/label><input type=\"hidden\" name=\"_wpcf7_quiz_answer_quiz\" value=\"b71d47aa2c62edcd4b7ce773ad00e0d4\" \/><\/span>\n<\/p>\n<p><br \/>\n<span class=\"wpcf7-form-control-wrap\" data-name=\"acceptance-161\"><span class=\"wpcf7-form-control wpcf7-acceptance\"><span class=\"wpcf7-list-item\"><label class=\"translation-block\"><input type=\"checkbox\" name=\"acceptance-161\" value=\"1\" aria-invalid=\"false\" control-id=\"ControlID-8\"><span class=\"wpcf7-list-item-label\"><a href=\"https:\/\/germirconsulting.com\/en\/kvkk-aydinlatma-metni\/\" target=\"blank\"><b>KVKK Ayd\u0131nlatma Metni<\/b><\/a>'ni okudum, anlad\u0131m ve onayl\u0131yorum.*<\/span><\/label><\/span><\/span><\/span>\n<\/p>\n<p>Fields marked * are required.\n<\/p>\n<p><input class=\"wpcf7-form-control wpcf7-submit has-spinner\" type=\"submit\" value=\"Send\" \/>\n<\/p><div class=\"wpcf7-response-output\" aria-hidden=\"true\"><\/div>\n<input type=\"hidden\" name=\"trp-form-language\" value=\"en\"\/><\/form>\n<\/div>\n\t\t\t\t<\/div>\n\t\t\t\t<\/div>\n\t\t\t\t<\/div>\n\t\t<div class=\"elementor-element elementor-element-53ede92 e-con-full e-flex elementor-invisible e-con e-child\" data-id=\"53ede92\" data-element_type=\"container\" data-settings=\"{&quot;animation&quot;:&quot;slideInRight&quot;}\">\n\t\t\t\t<div class=\"elementor-element elementor-element-0c2a653 elementor-widget elementor-widget-image\" data-id=\"0c2a653\" data-element_type=\"widget\" data-widget_type=\"image.default\">\n\t\t\t\t<div class=\"elementor-widget-container\">\n\t\t\t\t\t\t\t\t\t\t\t\t\t\t\t<img fetchpriority=\"high\" decoding=\"async\" width=\"655\" height=\"749\" src=\"https:\/\/germirconsulting.com\/wp-content\/uploads\/2024\/08\/contact-3.jpg\" class=\"elementor-animation-shrink attachment-large size-large wp-image-357\" alt=\"\" srcset=\"https:\/\/germirconsulting.com\/wp-content\/uploads\/2024\/08\/contact-3.jpg 655w, https:\/\/germirconsulting.com\/wp-content\/uploads\/2024\/08\/contact-3-262x300.jpg 262w\" sizes=\"(max-width: 655px) 100vw, 655px\" \/>\t\t\t\t\t\t\t\t\t\t\t\t\t\t\t<\/div>\n\t\t\t\t<\/div>\n\t\t\t\t<\/div>\n\t\t\t\t\t<\/div>\n\t\t\t\t<\/div>\n\t\t\t\t<\/div>","protected":false},"excerpt":{"rendered":"<p>Ba\u015far\u0131 \u0130\u00e7in Rehberiniz.Bize Ula\u015f\u0131n E: ozlem.pehlivan@germirconsulting.comT: +90 216 606 67 94 Ad\u0131n\u0131z &#8211; Soyad\u0131n\u0131z* Telefon Numaran\u0131z E-posta adresiniz* Konu* Mesaj\u0131n\u0131z*<\/p>","protected":false},"author":1,"featured_media":0,"parent":0,"menu_order":0,"comment_status":"closed","ping_status":"closed","template":"","meta":{"footnotes":""},"class_list":["post-153","page","type-page","status-publish","hentry"],"_links":{"self":[{"href":"https:\/\/germirconsulting.com\/en\/wp-json\/wp\/v2\/pages\/153","targetHints":{"allow":["GET"]}}],"collection":[{"href":"https:\/\/germirconsulting.com\/en\/wp-json\/wp\/v2\/pages"}],"about":[{"href":"https:\/\/germirconsulting.com\/en\/wp-json\/wp\/v2\/types\/page"}],"author":[{"embeddable":true,"href":"https:\/\/germirconsulting.com\/en\/wp-json\/wp\/v2\/users\/1"}],"replies":[{"embeddable":true,"href":"https:\/\/germirconsulting.com\/en\/wp-json\/wp\/v2\/comments?post=153"}],"version-history":[{"count":76,"href":"https:\/\/germirconsulting.com\/en\/wp-json\/wp\/v2\/pages\/153\/revisions"}],"predecessor-version":[{"id":812,"href":"https:\/\/germirconsulting.com\/en\/wp-json\/wp\/v2\/pages\/153\/revisions\/812"}],"wp:attachment":[{"href":"https:\/\/germirconsulting.com\/en\/wp-json\/wp\/v2\/media?parent=153"}],"curies":[{"name":"wp","href":"https:\/\/api.w.org\/{rel}","templated":true}]}}